{"id":39,"date":"2024-06-20T23:49:37","date_gmt":"2024-06-20T23:49:37","guid":{"rendered":"https:\/\/portal.inparques.gob.ve\/wp\/home\/"},"modified":"2024-06-21T00:28:17","modified_gmt":"2024-06-21T00:28:17","slug":"home","status":"publish","type":"page","link":"https:\/\/portal.inparques.gob.ve\/wp\/","title":{"rendered":"Inparques"},"content":{"rendered":"\n\n\n<p>Lorem Ipsum is simply dummy text of the printing and typesetting industry. Lorem Ipsum has been the industry\\&#8217;s standard dummy text ever since the 1500s, when an unknown printer took a galley of type and scrambled it to make a type specimen book.<\/p>\n\n\n\n\n\n<p>Lorem Ipsum is simply dummy text of the printing and typesetting industry. Lorem Ipsum has been the industry\\&#8217;s standard dummy text ever since the 1500s, when an unknown printer took a galley of type and scrambled it to make a type specimen book.<\/p>\n\n\n\n\n\n<p>Lorem Ipsum is simply dummy text of the printing and typesetting industry. Lorem Ipsum has been the industry\\&#8217;s standard dummy text ever since the 1500s, when an unknown printer took a galley of type and scrambled it to make a type specimen book.<\/p>\n\n\n\n\n\n\n\n\n\n\n\n<h3>Inparques<\/h3>\n\n\n\n<p>El Instituto Nacional de Parques de Venezuela es el ente rector que administra y maneja todo el sistema de parques y monumentos nacionales. Est\u00e1 al servicio del Ministerio del Poder Popular para el Ecosocialismo, siendo un instituto aut\u00f3nomo y jur\u00eddico.<\/p>\n\n\n\n\n\n\n\n<h2>Inparques<\/h2>\n\n\n\n\n\n\n\n<h4>Noticias<\/h4>\n\n\n\n\n\n<h4>Imagenes 360<\/h4>\n\n\n\n\n\n<h4>Parques<\/h4>\n\n\n\n\n\n\n\n\n\n<h4>Inparques<\/h4>\n\n\n\n<p>There are many variations of passages of Lorem Ipsum available, but the majority have suffered alteration in some form, by injected humour, or randomised words which don\\&#8217;t look even slightly believable. If you are going to use a passage of Lorem Ipsum, you need to be sure there isn\\&#8217;t anything embarrassing hidden in the middle of text. <\/p>\n\n\n\n\n\n\n\n\n\n\n\n\n\n<h2>Inparques<\/h2>\n\n\n\n\n\nLorem Ipsum has been the industry\\&#8217;s standard dummy text ever since the 1500s.\n\n\n\n\n\nLorem Ipsum has been the industry\\&#8217;s standard dummy text ever since the 1500s.\n\n\n\n\n\nLorem Ipsum has been the industry\\&#8217;s standard dummy text ever since the 1500s.\n\n\n\n\n\nLorem Ipsum has been the industry\\&#8217;s standard dummy text ever since the 1500s.\n\n\n\n\n\n\n\n\n\n<h2>Noticias Recientes<\/h2>\n\n\n\n\n\nLorem Ipsum has been the industry\\&#8217;s standard dummy text ever since the 1500s\n\n\n\n\n\nLorem Ipsum has been the industry\\&#8217;s standard dummy text ever since the 1500s\n\n\n\n\n\nLorem Ipsum has been the industry\\&#8217;s standard dummy text ever since the 1500s\n\n\n\n\n","protected":false},"excerpt":{"rendered":"","protected":false},"author":2,"featured_media":0,"parent":0,"menu_order":0,"comment_status":"closed","ping_status":"closed","template":"","meta":{"pagelayer_contact_templates":[],"_pagelayer_content":"","footnotes":""},"class_list":["post-39","page","type-page","status-publish","hentry"],"_links":{"self":[{"href":"https:\/\/portal.inparques.gob.ve\/wp\/wp-json\/wp\/v2\/pages\/39","targetHints":{"allow":["GET"]}}],"collection":[{"href":"https:\/\/portal.inparques.gob.ve\/wp\/wp-json\/wp\/v2\/pages"}],"about":[{"href":"https:\/\/portal.inparques.gob.ve\/wp\/wp-json\/wp\/v2\/types\/page"}],"author":[{"embeddable":true,"href":"https:\/\/portal.inparques.gob.ve\/wp\/wp-json\/wp\/v2\/users\/2"}],"replies":[{"embeddable":true,"href":"https:\/\/portal.inparques.gob.ve\/wp\/wp-json\/wp\/v2\/comments?post=39"}],"version-history":[{"count":3,"href":"https:\/\/portal.inparques.gob.ve\/wp\/wp-json\/wp\/v2\/pages\/39\/revisions"}],"predecessor-version":[{"id":60,"href":"https:\/\/portal.inparques.gob.ve\/wp\/wp-json\/wp\/v2\/pages\/39\/revisions\/60"}],"wp:attachment":[{"href":"https:\/\/portal.inparques.gob.ve\/wp\/wp-json\/wp\/v2\/media?parent=39"}],"curies":[{"name":"wp","href":"https:\/\/api.w.org\/{rel}","templated":true}]}}